{"id":27319,"date":"2026-04-21T11:05:13","date_gmt":"2026-04-21T11:05:13","guid":{"rendered":"https:\/\/meldeva.com\/?post_type=product&#038;p=27319"},"modified":"2026-04-23T08:45:17","modified_gmt":"2026-04-23T08:45:17","slug":"ada-cayi-yagi-30ml","status":"publish","type":"product","link":"https:\/\/meldeva.com\/en\/product\/ada-cayi-yagi-30ml\/","title":{"rendered":"Ada \u00c7ay\u0131 Ya\u011f\u0131 &#8211; 30ml"},"content":{"rendered":"<p>Ada\u00e7ay\u0131 ya\u011f\u0131, bitkisel terapilerde s\u0131kl\u0131kla kullan\u0131lan g\u00fc\u00e7l\u00fc bir u\u00e7ucu ya\u011fd\u0131r. Ruhsal dengeyi sa\u011flama ve zihni sakinle\u015ftirme amac\u0131yla tercih edilir. Ada\u00e7ay\u0131 ya\u011f\u0131, yo\u011fun stres ve kayg\u0131 durumlar\u0131nda rahatlat\u0131c\u0131 bir etki g\u00f6sterebilir. Bu nedenle aromaterapide yayg\u0131n olarak kullan\u0131l\u0131r. Ayr\u0131ca hormonal dengeyi desteklemesi ve ruh halini iyile\u015ftirmesi ile bilinir. Cilt bak\u0131m\u0131nda da etkili oldu\u011fu d\u00fc\u015f\u00fcn\u00fclen bu ya\u011f, sivilce ve di\u011fer cilt sorunlar\u0131yla m\u00fccadelede do\u011fal bir \u00e7\u00f6z\u00fcm sunabilir.<\/p>\n<p>Ada\u00e7ay\u0131 ya\u011f\u0131 sadece ruh ve cilt sa\u011fl\u0131\u011f\u0131 a\u00e7\u0131s\u0131ndan de\u011fil, ayn\u0131 zamanda sa\u00e7 sa\u011fl\u0131\u011f\u0131n\u0131 desteklemek i\u00e7in de kullan\u0131labilir. Ayn\u0131 zamanda kepek ve sa\u00e7 derisi kurulu\u011fu gibi sorunlar\u0131n hafifletilmesinde de etkili oldu\u011fu d\u00fc\u015f\u00fcn\u00fclmektedir. Ada\u00e7ay\u0131 ya\u011f\u0131n\u0131 \u015fampuan ya da sa\u00e7 maskelerine ekleyerek bu do\u011fal faydalardan yararlanmak m\u00fcmk\u00fcnd\u00fcr.<\/p>\n<p>Ada\u00e7ay\u0131 Ya\u011f\u0131 Faydalar\u0131<\/p>\n<p>Ada\u00e7ay\u0131 ya\u011f\u0131, ge\u00e7mi\u015ften g\u00fcn\u00fcm\u00fcze sa\u011fl\u0131k alan\u0131nda s\u0131kl\u0131kla kullan\u0131lm\u0131\u015ft\u0131r. Ada\u00e7ay\u0131 bitkisinden elde edilen bu do\u011fal ya\u011f hem zihinsel hem de fiziksel faydalar sunabilir. \u00d6zellikle stresi azaltma ve zihni rahatlatma konusunda olduk\u00e7a etkili oldu\u011fu d\u00fc\u015f\u00fcn\u00fclmektedir. Ayr\u0131ca ada\u00e7ay\u0131 u\u00e7ucu ya\u011f\u0131, odaklanmay\u0131 art\u0131rabilir ve ruh hali \u00fczerinde olumlu etkiler yaratabilir.<\/p>\n<p>Ada\u00e7ay\u0131 ya\u011f\u0131, cilt bak\u0131m\u0131 ve sa\u00e7 sa\u011fl\u0131\u011f\u0131 i\u00e7in de tercih edilen do\u011fal \u00e7\u00f6z\u00fcmlerden biridir. Antiseptik i\u00e7erikleri sayesinde ciltteki tahri\u015fleri yat\u0131\u015ft\u0131rmaya yard\u0131mc\u0131 olabilir. Ayr\u0131ca ya\u011f\u0131n antioksidan \u00f6zelli\u011fi cildi serbest radikallerin zararlar\u0131ndan koruyabilir ve cildin daha sa\u011fl\u0131kl\u0131 ve parlak bir g\u00f6r\u00fcn\u00fcm kazanmas\u0131na destek olabilir. Cilt \u00fczerindeki bu etkileriyle birlikte ada\u00e7ay\u0131 ya\u011f\u0131n\u0131n faydalar\u0131 saymakla bitmez. Ada\u00e7ay\u0131 ya\u011f\u0131, sa\u00e7 sa\u011fl\u0131\u011f\u0131nda da \u00f6nemli bir rol oynar.<\/p>\n<p>Sa\u00e7 d\u00f6k\u00fclmesini \u00f6nlemek, sa\u00e7 k\u00f6klerini g\u00fc\u00e7lendirmek ve sa\u00e7\u0131n daha h\u0131zl\u0131 uzamas\u0131n\u0131 sa\u011flamak i\u00e7in ada\u00e7ay\u0131 ya\u011f\u0131 sa\u00e7a faydalar\u0131 dikkat \u00e7eker. Bu ya\u011f, d\u00fczenli kullan\u0131mda sa\u00e7 derisini besler ve sa\u00e7\u0131n do\u011fal parlakl\u0131\u011f\u0131n\u0131 art\u0131rabilir. Ayn\u0131 zamanda kepek sorunuyla ba\u015fa \u00e7\u0131kmada da etkili olabilir. \u00d6zellikle kuru ve y\u0131pranm\u0131\u015f sa\u00e7lara uyguland\u0131\u011f\u0131nda nemlendirici \u00f6zellikleriyle sa\u00e7\u0131n yeniden yap\u0131land\u0131r\u0131lmas\u0131na katk\u0131da bulunabilir. Bu nedenle hem cilt hem de sa\u00e7 bak\u0131m\u0131nda kullan\u0131labilecek do\u011fal bir ya\u011f olarak \u00f6ne \u00e7\u0131kar.<\/p>\n<p>Ada\u00e7ay\u0131 Ya\u011f\u0131 Nas\u0131l Kullan\u0131l\u0131r?<\/p>\n<p>Ada\u00e7ay\u0131 ya\u011f\u0131, do\u011fru kullan\u0131ld\u0131\u011f\u0131nda pek \u00e7ok fayda sunan do\u011fal bir \u00fcr\u00fcnd\u00fcr. Bu ya\u011f aromaterapi, cilt bak\u0131m\u0131 ve sa\u00e7 sa\u011fl\u0131\u011f\u0131 gibi farkl\u0131 alanlarda rahatl\u0131kla kullan\u0131labilir. Ada\u00e7ay\u0131 bitkisi, \u00f6zellikle t\u0131bbi aromatik \u00f6zellikleri ile bilinir ve ya\u011f\u0131 bu bitkiden elde edilir.<\/p>\n<p>Cilde faydalar\u0131 a\u00e7\u0131s\u0131ndan ada\u00e7ay\u0131 ya\u011f\u0131, cilt bak\u0131m\u0131nda tercih edilen do\u011fal ya\u011flardan biridir. Ciltteki tahri\u015fi yat\u0131\u015ft\u0131rmak, sivilce ve akne izlerinin g\u00f6r\u00fcn\u00fcm\u00fcn\u00fc azaltmak i\u00e7in kullan\u0131labilir. Ancak do\u011frudan cilde uygulamadan \u00f6nce mutlaka bir ta\u015f\u0131y\u0131c\u0131 ya\u011f ile seyreltilmesi \u00f6nerilir.<\/p>\n<p>Ada\u00e7ay\u0131 ya\u011f\u0131n\u0131n farkl\u0131 kullan\u0131m \u015fekilleri \u015fu \u015fekildedir:<\/p>\n<p>\u2022 Aromaterapi: Dif\u00fcz\u00f6re birka\u00e7 damla ekleyerek odadaki havay\u0131 tazeleyebilir ve rahatlat\u0131c\u0131 bir ortam yaratabilirsiniz.<\/p>\n<p>\u2022 Cilt Bak\u0131m\u0131: Nemlendirici kreminize ekleyerek cilt problemleriyle ba\u015fa \u00e7\u0131kabilirsiniz.<\/p>\n<p>\u2022 Sa\u00e7 Bak\u0131m\u0131: \u015eampuan\u0131n\u0131za birka\u00e7 damla ekleyerek sa\u00e7 derinizi besleyebilir ve sa\u00e7\u0131n sa\u011fl\u0131kl\u0131 uzamas\u0131na yard\u0131mc\u0131 olabilirsiniz.<\/p>\n<p>Ada\u00e7ay\u0131 ya\u011f\u0131, sa\u011fl\u0131kl\u0131 bir cilt ve sa\u00e7 bak\u0131m\u0131 i\u00e7in etkili bir alternatif olarak \u00f6ne \u00e7\u0131kar.<\/p>\n<p>Meldeva, do\u011fadan gelen en saf bile\u015fenleri \u00f6zenle i\u015fleyerek size ula\u015ft\u0131r\u0131r. Her bir \u00fcr\u00fcn\u00fcm\u00fcz, bitkilerin en y\u00fcksek kalitede yeti\u015ftirilip do\u011fal y\u00f6ntemlerle elde edilmesiyle \u00fcretilmi\u015ftir. Sa\u011fl\u0131\u011f\u0131n\u0131z\u0131 ve cildinizi desteklemek i\u00e7in tasarlanan bu \u00fcr\u00fcnler, do\u011fan\u0131n g\u00fcc\u00fcn\u00fc g\u00fcnl\u00fck ya\u015fam\u0131n\u0131za ta\u015f\u0131man\u0131za yard\u0131mc\u0131 olur. G\u00fcvenle kullanabilece\u011finiz Meldeva \u00fcr\u00fcnleri, do\u011fall\u0131\u011f\u0131n ve kalitenin bulu\u015fma noktas\u0131d\u0131r.<\/p>","protected":false},"excerpt":{"rendered":"<p>Ada\u00e7ay\u0131 ya\u011f\u0131, bitkisel terapilerde s\u0131kl\u0131kla kullan\u0131lan g\u00fc\u00e7l\u00fc bir u\u00e7ucu ya\u011fd\u0131r. Ruhsal dengeyi sa\u011flama ve zihni sakinle\u015ftirme amac\u0131yla tercih edilir. Ada\u00e7ay\u0131<\/p>","protected":false},"featured_media":27320,"comment_status":"open","ping_status":"closed","template":"","meta":[],"product_brand":[],"product_cat":[20],"product_tag":[],"class_list":{"0":"post-27319","1":"product","2":"type-product","3":"status-publish","4":"has-post-thumbnail","6":"product_cat-tum-urunler","8":"first","9":"instock","10":"shipping-taxable","11":"purchasable","12":"product-type-simple"},"_links":{"self":[{"href":"https:\/\/meldeva.com\/en\/wp-json\/wp\/v2\/product\/27319","targetHints":{"allow":["GET"]}}],"collection":[{"href":"https:\/\/meldeva.com\/en\/wp-json\/wp\/v2\/product"}],"about":[{"href":"https:\/\/meldeva.com\/en\/wp-json\/wp\/v2\/types\/product"}],"replies":[{"embeddable":true,"href":"https:\/\/meldeva.com\/en\/wp-json\/wp\/v2\/comments?post=27319"}],"version-history":[{"count":4,"href":"https:\/\/meldeva.com\/en\/wp-json\/wp\/v2\/product\/27319\/revisions"}],"predecessor-version":[{"id":27360,"href":"https:\/\/meldeva.com\/en\/wp-json\/wp\/v2\/product\/27319\/revisions\/27360"}],"wp:featuredmedia":[{"embeddable":true,"href":"https:\/\/meldeva.com\/en\/wp-json\/wp\/v2\/media\/27320"}],"wp:attachment":[{"href":"https:\/\/meldeva.com\/en\/wp-json\/wp\/v2\/media?parent=27319"}],"wp:term":[{"taxonomy":"product_brand","embeddable":true,"href":"https:\/\/meldeva.com\/en\/wp-json\/wp\/v2\/product_brand?post=27319"},{"taxonomy":"product_cat","embeddable":true,"href":"https:\/\/meldeva.com\/en\/wp-json\/wp\/v2\/product_cat?post=27319"},{"taxonomy":"product_tag","embeddable":true,"href":"https:\/\/meldeva.com\/en\/wp-json\/wp\/v2\/product_tag?post=27319"}],"curies":[{"name":"wp","href":"https:\/\/api.w.org\/{rel}","templated":true}]}}