{"id":27314,"date":"2026-04-21T11:10:44","date_gmt":"2026-04-21T11:10:44","guid":{"rendered":"https:\/\/meldeva.com\/?post_type=product&#038;p=27314"},"modified":"2026-04-23T08:48:23","modified_gmt":"2026-04-23T08:48:23","slug":"keten-tohumu-yagi-50ml","status":"publish","type":"product","link":"https:\/\/meldeva.com\/en\/product\/keten-tohumu-yagi-50ml\/","title":{"rendered":"Keten Tohumu Ya\u011f\u0131 &#8211; 50ml"},"content":{"rendered":"<p>Keten tohum ya\u011f\u0131, omega-3 ya\u011f asitleri ve antioksidanlar a\u00e7\u0131s\u0131ndan zengin bir do\u011fal ya\u011fd\u0131r. Bu ya\u011f, v\u00fccuttaki iltihaplanmay\u0131 azaltabilir, kalp sa\u011fl\u0131\u011f\u0131n\u0131 korumaya ve sindirim sistemini desteklemeye yard\u0131mc\u0131 olabilir. Ayn\u0131 zamanda cilt sa\u011fl\u0131\u011f\u0131n\u0131 iyile\u015ftirici etkisi de g\u00f6r\u00fclebilir. Hem i\u00e7ten hem de d\u0131\u015ftan kullan\u0131ld\u0131\u011f\u0131nda v\u00fccudun do\u011fal dengesini korumas\u0131na destek olabilir.<\/p>\n<p>Keten tohum ya\u011f\u0131, Lif ve protein bak\u0131m\u0131ndan zengindir; sindirimi kolayla\u015ft\u0131r\u0131r ve sindirim sistemini destekleyebilir. Ayr\u0131ca cilt bak\u0131m\u0131nda da etkili olan bu ya\u011f, cildin nemlenmesine ve ya\u015flanma belirtilerinin azalt\u0131lmas\u0131na yard\u0131mc\u0131 olabilir.<\/p>\n<p>Keten Tohum Ya\u011f\u0131 Faydalar\u0131<\/p>\n<p>Keten tohum ya\u011f\u0131 faydalar\u0131, sa\u011fl\u0131k ve g\u00fczellik a\u00e7\u0131s\u0131ndan \u00e7e\u015fitlilik g\u00f6sterir. \u0130\u00e7eri\u011findeki omega-3 ya\u011f asitleri ve antioksidanlar sayesinde kalp sa\u011fl\u0131\u011f\u0131n\u0131 korur, v\u00fccuttaki iltihaplanmay\u0131 azalt\u0131r ve sindirim sistemini desteklemeye yard\u0131mc\u0131 olabilir.<\/p>\n<p>D\u00fczenli kullan\u0131m\u0131nda cilt sa\u011fl\u0131\u011f\u0131n\u0131 iyile\u015ftirir ve cildin daha nemli ve esnek kalmas\u0131na katk\u0131da bulunabilir. Sa\u00e7 sa\u011fl\u0131\u011f\u0131 a\u00e7\u0131s\u0131ndan da \u00f6nemli olan bu ya\u011f, sa\u00e7lar\u0131n g\u00fc\u00e7lenmesini ve k\u0131r\u0131lmalar\u0131n azalmas\u0131n\u0131 sa\u011flayarak destek olabilir.<\/p>\n<p>Do\u011fal bitkisel ya\u011flar, sa\u011fl\u0131kl\u0131 ya\u015fam ve bak\u0131m rutinlerinde b\u00fcy\u00fck rol oynar. Bu ya\u011f, omega-3 ya\u011f asitleri a\u00e7\u0131s\u0131ndan en zengin olan ya\u011flardan biridir. Cildin nem dengesinin korunmas\u0131na, sa\u00e7lar\u0131n g\u00fc\u00e7lenmesine ve v\u00fccudun genel sa\u011fl\u0131\u011f\u0131n\u0131 desteklemeye yard\u0131mc\u0131 olabilir.<\/p>\n<p>Keten tohum ya\u011f\u0131n\u0131 di\u011fer bitkisel ya\u011flardan ay\u0131ran en \u00f6nemli etken, zengin bir besin i\u00e7eri\u011fine sahip olmas\u0131d\u0131r. \u0130\u00e7eri\u011finde bulunan lignanlar antioksidan etkiler g\u00f6sterir, h\u00fccresel hasarlar\u0131 azalt\u0131r ve v\u00fccudu serbest radikallerin zararlar\u0131ndan korur.<\/p>\n<p>Bu ya\u011f, so\u011fuk pres y\u00f6ntemiyle \u00fcretildi\u011finde besin de\u011ferlerini korur ve daha etkili hale gelir. Bu i\u015flem, ya\u011f\u0131n y\u00fcksek s\u0131cakl\u0131\u011fa maruz kalmadan saf bir \u015fekilde elde edilmesini sa\u011flamaktad\u0131r.<\/p>\n<p>So\u011fuk s\u0131k\u0131m y\u00f6ntemiyle elde edilen bu ya\u011f, cilde ve sa\u00e7a h\u0131zla n\u00fcfuz eder, ya\u011fl\u0131 bir kal\u0131nt\u0131 b\u0131rakmadan do\u011fal bir parlakl\u0131k sa\u011flanmas\u0131na yard\u0131mc\u0131 olabilir. Ayn\u0131 zamanda sindirim sistemini destekleyerek genel sa\u011fl\u0131\u011f\u0131 iyile\u015ftirir ve v\u00fccudun do\u011fal dengesinin korunmas\u0131na katk\u0131da bulunabilir. D\u00fczenli kullan\u0131m\u0131 ile hem i\u00e7ten hem de d\u0131\u015ftan olumlu etkiler sunar.<\/p>\n<p>Keten Tohum Ya\u011f\u0131 Nas\u0131l Kullan\u0131l\u0131r?<\/p>\n<p>\u201cKeten tohum ya\u011f\u0131 nas\u0131l kullan\u0131l\u0131r?\u201d sorusu, bu ya\u011f\u0131n sa\u011flad\u0131\u011f\u0131 bir\u00e7ok fayday\u0131 en iyi \u015fekilde elde etmek isteyenlerin merak etti\u011fi bir konudur. Do\u011fru kullan\u0131mla bu do\u011fal ya\u011fdan maksimum verim almak m\u00fcmk\u00fcnd\u00fcr. Keten tohum ya\u011f\u0131 hem i\u00e7ten t\u00fcketilerek hem de d\u0131\u015ftan uygulanarak kullan\u0131labilir.<\/p>\n<p>Bu ya\u011f\u0131 kullanma y\u00f6ntemleri \u015funlard\u0131r:<\/p>\n<p>\u2022 \u0130\u00e7ten t\u00fcketim: Bu ya\u011f\u0131n g\u00fcnde bir \u00e7ay ka\u015f\u0131\u011f\u0131 t\u00fcketilmesi sindirim sistemi sa\u011fl\u0131\u011f\u0131n\u0131 destekler ve kalp sa\u011fl\u0131\u011f\u0131n\u0131 korumaya yard\u0131mc\u0131 olabilir. Bu ya\u011f salata veya smoothielere eklenerek t\u00fcketilebilir.<\/p>\n<p>\u2022 Cilt bak\u0131m\u0131: Temiz cilde birka\u00e7 damla ya\u011f ile masaj yap\u0131larak uygulan\u0131r. Bu uygulama ile cildi nemlendirir ve cilt bariyerini g\u00fc\u00e7lendirici etkisi g\u00f6r\u00fclebilir.<\/p>\n<p>\u2022 Sa\u00e7 bak\u0131m\u0131: Sa\u00e7 derisine s\u00fcr\u00fclen ya\u011f ile masaj yap\u0131l\u0131r, birka\u00e7 saat bekletilir. Ard\u0131ndan sa\u00e7 y\u0131kan\u0131r. Bu i\u015flem, sa\u00e7lar\u0131n g\u00fc\u00e7lenmesine ve parlak g\u00f6r\u00fcnmesine yard\u0131mc\u0131 olabilir.<\/p>\n<p>Keten tohum ya\u011f\u0131, d\u00fczenli kullan\u0131m ile hem cilt hem de sa\u00e7 sa\u011fl\u0131\u011f\u0131n\u0131 destekler ve genel sa\u011fl\u0131\u011fa katk\u0131da bulunabilme \u00f6zelliklerine sahiptir.<\/p>\n<p>Meldeva, do\u011fadan gelen en saf bile\u015fenleri \u00f6zenle i\u015fleyerek size ula\u015ft\u0131r\u0131r. Her bir \u00fcr\u00fcn\u00fcm\u00fcz, bitkilerin en y\u00fcksek kalitede yeti\u015ftirilip do\u011fal y\u00f6ntemlerle elde edilmesiyle \u00fcretilmi\u015ftir. Sa\u011fl\u0131\u011f\u0131n\u0131z\u0131 ve cildinizi desteklemek i\u00e7in tasarlanan bu \u00fcr\u00fcnler, do\u011fan\u0131n g\u00fcc\u00fcn\u00fc g\u00fcnl\u00fck ya\u015fam\u0131n\u0131za ta\u015f\u0131man\u0131za yard\u0131mc\u0131 olur. G\u00fcvenle kullanabilece\u011finiz Meldeva \u00fcr\u00fcnleri, do\u011fall\u0131\u011f\u0131n ve kalitenin bulu\u015fma noktas\u0131d\u0131r.<\/p>","protected":false},"excerpt":{"rendered":"<p>Keten tohum ya\u011f\u0131, omega-3 ya\u011f asitleri ve antioksidanlar a\u00e7\u0131s\u0131ndan zengin bir do\u011fal ya\u011fd\u0131r. Bu ya\u011f, v\u00fccuttaki iltihaplanmay\u0131 azaltabilir, kalp sa\u011fl\u0131\u011f\u0131n\u0131<\/p>","protected":false},"featured_media":27324,"comment_status":"open","ping_status":"closed","template":"","meta":[],"product_brand":[],"product_cat":[20],"product_tag":[],"class_list":{"0":"post-27314","1":"product","2":"type-product","3":"status-publish","4":"has-post-thumbnail","6":"product_cat-tum-urunler","8":"first","9":"instock","10":"shipping-taxable","11":"purchasable","12":"product-type-simple"},"_links":{"self":[{"href":"https:\/\/meldeva.com\/en\/wp-json\/wp\/v2\/product\/27314","targetHints":{"allow":["GET"]}}],"collection":[{"href":"https:\/\/meldeva.com\/en\/wp-json\/wp\/v2\/product"}],"about":[{"href":"https:\/\/meldeva.com\/en\/wp-json\/wp\/v2\/types\/product"}],"replies":[{"embeddable":true,"href":"https:\/\/meldeva.com\/en\/wp-json\/wp\/v2\/comments?post=27314"}],"version-history":[{"count":2,"href":"https:\/\/meldeva.com\/en\/wp-json\/wp\/v2\/product\/27314\/revisions"}],"predecessor-version":[{"id":27364,"href":"https:\/\/meldeva.com\/en\/wp-json\/wp\/v2\/product\/27314\/revisions\/27364"}],"wp:featuredmedia":[{"embeddable":true,"href":"https:\/\/meldeva.com\/en\/wp-json\/wp\/v2\/media\/27324"}],"wp:attachment":[{"href":"https:\/\/meldeva.com\/en\/wp-json\/wp\/v2\/media?parent=27314"}],"wp:term":[{"taxonomy":"product_brand","embeddable":true,"href":"https:\/\/meldeva.com\/en\/wp-json\/wp\/v2\/product_brand?post=27314"},{"taxonomy":"product_cat","embeddable":true,"href":"https:\/\/meldeva.com\/en\/wp-json\/wp\/v2\/product_cat?post=27314"},{"taxonomy":"product_tag","embeddable":true,"href":"https:\/\/meldeva.com\/en\/wp-json\/wp\/v2\/product_tag?post=27314"}],"curies":[{"name":"wp","href":"https:\/\/api.w.org\/{rel}","templated":true}]}}