{"id":27313,"date":"2026-04-21T11:10:45","date_gmt":"2026-04-21T11:10:45","guid":{"rendered":"https:\/\/meldeva.com\/?post_type=product&#038;p=27313"},"modified":"2026-04-23T08:45:02","modified_gmt":"2026-04-23T08:45:02","slug":"kenevir-yagi-30ml","status":"publish","type":"product","link":"https:\/\/meldeva.com\/en\/product\/kenevir-yagi-30ml\/","title":{"rendered":"Kenevir Ya\u011f\u0131 &#8211; 30ml"},"content":{"rendered":"<p>Kenevir ya\u011f\u0131, cilt bak\u0131m\u0131ndan genel sa\u011fl\u0131\u011fa kadar bir\u00e7ok alanda kullan\u0131lan do\u011fal bir \u00fcr\u00fcnd\u00fcr. Omega-3 ve omega-6 ya\u011f asitleri a\u00e7\u0131s\u0131ndan zengin olan bu ya\u011f, cildin nem dengesini sa\u011flamaya yard\u0131mc\u0131 olurken ayn\u0131 zamanda iltihaplanmay\u0131 azalt\u0131c\u0131 \u00f6zellikler de g\u00f6sterebilir. Hassas cilt tipleri i\u00e7in ideal bir nemlendirici oldu\u011fu d\u00fc\u015f\u00fcn\u00fclen kenevir ya\u011f\u0131, k\u0131r\u0131\u015f\u0131kl\u0131klar\u0131n g\u00f6r\u00fcn\u00fcm\u00fcn\u00fc hafifletmek ve cilt elastikiyetini art\u0131rmak i\u00e7in tercih edilebilir.<\/p>\n<p>Kenevir ya\u011f\u0131, kalp sa\u011fl\u0131\u011f\u0131n\u0131 destekleyici etkileri ile bilinir. \u0130\u00e7erdi\u011fi esansiyel ya\u011f asitleri sayesinde, kalp sa\u011fl\u0131\u011f\u0131n\u0131 korumada \u00f6nemli bir rol oynayabilir. Genel v\u00fccut direncini art\u0131rabilir. Hem i\u00e7ten hem de d\u0131\u015ftan uyguland\u0131\u011f\u0131nda \u00e7e\u015fitli sa\u011fl\u0131k faydalar\u0131 sunan bu ya\u011f, do\u011fal ya\u015fam tarz\u0131n\u0131 benimseyenler aras\u0131nda pop\u00fclerdir.<\/p>\n<p>Kenevir Ya\u011f\u0131 Faydalar\u0131<\/p>\n<p>Kenevir ya\u011f\u0131, son y\u0131llarda sa\u011fl\u0131kl\u0131 ya\u015fam ve do\u011fal g\u00fczellik \u00fcr\u00fcnleri aras\u0131nda \u00f6ne \u00e7\u0131kan bitkisel ya\u011flar aras\u0131nda yer almaktad\u0131r. Bu ya\u011f, omega-3 ve omega-6 gibi esansiyel ya\u011f asitleri a\u00e7\u0131s\u0131ndan olduk\u00e7a zengin bir i\u00e7eri\u011fe sahiptir.<\/p>\n<p>So\u011fuk s\u0131k\u0131m y\u00f6ntemiyle elde edilen kenevir ya\u011f\u0131, bu ya\u011f asitlerini ve di\u011fer faydal\u0131 bile\u015fenleri koruyarak cilde ve v\u00fccuda maksimum fayda sa\u011flayabilir. Cilt bak\u0131m\u0131ndan kalp sa\u011fl\u0131\u011f\u0131na kadar geni\u015f bir kullan\u0131m alan\u0131 sunan kenevir ya\u011f\u0131, do\u011fadan gelen bir \u015fifa kayna\u011f\u0131 olarak \u00f6ne \u00e7\u0131kmaktad\u0131r.<\/p>\n<p>Kenevir ya\u011f\u0131 faydalar\u0131 aras\u0131nda cilt \u00fczerinde nem dengesini sa\u011flamas\u0131, iltihaplar\u0131 hafifletmesi ve cilt elastikiyetini art\u0131rmas\u0131 dikkat \u00e7eker. \u00d6zellikle hassas ciltler i\u00e7in ideal oldu\u011fu iddia edilen bu ya\u011f, k\u0131r\u0131\u015f\u0131kl\u0131klar\u0131n g\u00f6r\u00fcn\u00fcm\u00fcn\u00fc azaltarak daha gen\u00e7 bir g\u00f6r\u00fcn\u00fcm kazand\u0131rabilir.<\/p>\n<p>Cilde d\u0131\u015far\u0131dan uyguland\u0131\u011f\u0131nda yumu\u015fak ve p\u00fcr\u00fczs\u00fcz bir dokunu\u015f sa\u011flayabilir. \u0130\u00e7eri\u011finde do\u011fal olarak bulunan antioksidanlar sayesinde ise serbest radikallerle sava\u015farak cildin daha sa\u011fl\u0131kl\u0131 olmas\u0131na yard\u0131mc\u0131 olabilir.<\/p>\n<p>Ayr\u0131ca genel v\u00fccut direncini art\u0131rarak daha sa\u011fl\u0131kl\u0131 bir ya\u015fam s\u00fcrmeye katk\u0131da bulunabilir. D\u00fczenli kullan\u0131mda hem i\u00e7 hem de d\u0131\u015f sa\u011fl\u0131\u011f\u0131n\u0131z\u0131 korumada etkili bir do\u011fal yard\u0131mc\u0131 olabilir.<\/p>\n<p>Kenevir Ya\u011f\u0131 Nas\u0131l Kullan\u0131l\u0131r?<\/p>\n<p>Kenevir ya\u011f\u0131, geni\u015f kullan\u0131m alanlar\u0131 ile dikkat \u00e7eker ve bir\u00e7ok farkl\u0131 \u015fekilde uygulanabilir. Kenevir bitkisi tohumu preslenerek elde edilen bu ya\u011f, \u00f6zellikle cilt ve sa\u00e7 bak\u0131m\u0131nda tercih edilir. Cilde uyguland\u0131\u011f\u0131nda nemlendirici etkisi ile bilinen bu ya\u011f, kuru ve hassas ciltleri yat\u0131\u015ft\u0131rabilir.<\/p>\n<p>V\u00fccut bak\u0131m\u0131nda masaj ya\u011f\u0131 olarak kullan\u0131m\u0131 da olduk\u00e7a yayg\u0131nd\u0131r. Kas a\u011fr\u0131lar\u0131n\u0131 hafifletmek ve cildi rahatlatmak i\u00e7in ideal oldu\u011fu d\u00fc\u015f\u00fcn\u00fclmektedir. Aromaterapi uygulamalar\u0131nda da kullan\u0131lan bu ya\u011f, zihinsel rahatlama sa\u011flayabilir.<\/p>\n<p>Kenevir ya\u011f\u0131n\u0131 \u015fu \u015fekillerde kullanabilirsiniz:<\/p>\n<p>\u2022 Y\u00fcz nemlendiricisi: Temiz cildinize birka\u00e7 damla uygulay\u0131n ve emilene kadar masaj yap\u0131n.<\/p>\n<p>\u2022 Sa\u00e7 bak\u0131m\u0131: Avucunuza birka\u00e7 damla alarak sa\u00e7 diplerinize masaj yap\u0131n, 30 dakika beklettikten sonra y\u0131kay\u0131n.<\/p>\n<p>\u2022 Masaj ya\u011f\u0131: Kaslar\u0131n\u0131zda rahatlama sa\u011flamak i\u00e7in do\u011frudan cilde uygulay\u0131n.<\/p>\n<p>Bu basit ad\u0131mlarla, kenevir ya\u011f\u0131n\u0131n faydalar\u0131n\u0131 g\u00fcnl\u00fck bak\u0131m rutininize ekleyebilirsiniz.<\/p>\n<p>Meldeva, do\u011fadan gelen en saf bile\u015fenleri \u00f6zenle i\u015fleyerek size ula\u015ft\u0131r\u0131r. Her bir \u00fcr\u00fcn\u00fcm\u00fcz, bitkilerin en y\u00fcksek kalitede yeti\u015ftirilip do\u011fal y\u00f6ntemlerle elde edilmesiyle \u00fcretilmi\u015ftir. Sa\u011fl\u0131\u011f\u0131n\u0131z\u0131 ve cildinizi desteklemek i\u00e7in tasarlanan bu \u00fcr\u00fcnler, do\u011fan\u0131n g\u00fcc\u00fcn\u00fc g\u00fcnl\u00fck ya\u015fam\u0131n\u0131za ta\u015f\u0131man\u0131za yard\u0131mc\u0131 olur. G\u00fcvenle kullanabilece\u011finiz Meldeva \u00fcr\u00fcnleri, do\u011fall\u0131\u011f\u0131n ve kalitenin bulu\u015fma noktas\u0131d\u0131r.<\/p>","protected":false},"excerpt":{"rendered":"<p>Kenevir ya\u011f\u0131, cilt bak\u0131m\u0131ndan genel sa\u011fl\u0131\u011fa kadar bir\u00e7ok alanda kullan\u0131lan do\u011fal bir \u00fcr\u00fcnd\u00fcr. Omega-3 ve omega-6 ya\u011f asitleri a\u00e7\u0131s\u0131ndan zengin<\/p>","protected":false},"featured_media":27323,"comment_status":"open","ping_status":"closed","template":"","meta":[],"product_brand":[],"product_cat":[20],"product_tag":[],"class_list":{"0":"post-27313","1":"product","2":"type-product","3":"status-publish","4":"has-post-thumbnail","6":"product_cat-tum-urunler","8":"first","9":"instock","10":"shipping-taxable","11":"purchasable","12":"product-type-simple"},"_links":{"self":[{"href":"https:\/\/meldeva.com\/en\/wp-json\/wp\/v2\/product\/27313","targetHints":{"allow":["GET"]}}],"collection":[{"href":"https:\/\/meldeva.com\/en\/wp-json\/wp\/v2\/product"}],"about":[{"href":"https:\/\/meldeva.com\/en\/wp-json\/wp\/v2\/types\/product"}],"replies":[{"embeddable":true,"href":"https:\/\/meldeva.com\/en\/wp-json\/wp\/v2\/comments?post=27313"}],"version-history":[{"count":3,"href":"https:\/\/meldeva.com\/en\/wp-json\/wp\/v2\/product\/27313\/revisions"}],"predecessor-version":[{"id":27362,"href":"https:\/\/meldeva.com\/en\/wp-json\/wp\/v2\/product\/27313\/revisions\/27362"}],"wp:featuredmedia":[{"embeddable":true,"href":"https:\/\/meldeva.com\/en\/wp-json\/wp\/v2\/media\/27323"}],"wp:attachment":[{"href":"https:\/\/meldeva.com\/en\/wp-json\/wp\/v2\/media?parent=27313"}],"wp:term":[{"taxonomy":"product_brand","embeddable":true,"href":"https:\/\/meldeva.com\/en\/wp-json\/wp\/v2\/product_brand?post=27313"},{"taxonomy":"product_cat","embeddable":true,"href":"https:\/\/meldeva.com\/en\/wp-json\/wp\/v2\/product_cat?post=27313"},{"taxonomy":"product_tag","embeddable":true,"href":"https:\/\/meldeva.com\/en\/wp-json\/wp\/v2\/product_tag?post=27313"}],"curies":[{"name":"wp","href":"https:\/\/api.w.org\/{rel}","templated":true}]}}