{"id":27311,"date":"2026-04-21T11:08:11","date_gmt":"2026-04-21T11:08:11","guid":{"rendered":"https:\/\/meldeva.com\/?post_type=product&#038;p=27311"},"modified":"2026-04-23T08:45:15","modified_gmt":"2026-04-23T08:45:15","slug":"corek-otu-yagi-50ml","status":"publish","type":"product","link":"https:\/\/meldeva.com\/en\/product\/corek-otu-yagi-50ml\/","title":{"rendered":"\u00c7\u00f6rek Otu Ya\u011f\u0131 &#8211; 50ml"},"content":{"rendered":"<p>\u00c7\u00f6rek otu ya\u011f\u0131, uzun y\u0131llard\u0131r sa\u011fl\u0131k alan\u0131nda kullan\u0131lan do\u011fal bir \u00fcr\u00fcnd\u00fcr. Cilt sa\u011fl\u0131\u011f\u0131n\u0131 koruma konusunda da etkili oldu\u011fu bilinmektedir. Hem i\u00e7ten t\u00fcketimi hem de d\u0131\u015ftan kullan\u0131m\u0131yla bilinen bir ya\u011fd\u0131r. Sindirim sisteminden solunum yollar\u0131na kadar pek \u00e7ok farkl\u0131 sa\u011fl\u0131k sorununa \u00e7\u00f6z\u00fcm sunabilir.<\/p>\n<p>\u00c7\u00f6rek otu ya\u011f\u0131 so\u011fuk s\u0131k\u0131m y\u00f6ntemiyle elde edilir, besin de\u011ferlerini koruyarak maksimum fayda sa\u011flayabilir. Do\u011fal yap\u0131s\u0131 ve i\u00e7eri\u011findeki vitaminlerle cilt bak\u0131m\u0131nda nemlendirici olarak da tercih edilebilir.<\/p>\n<p>\u00c7\u00f6rek Otu Ya\u011f\u0131 Faydalar\u0131<\/p>\n<p>So\u011fuk s\u0131k\u0131m y\u00f6ntemiyle elde edilen \u00e7\u00f6rek otu ya\u011f\u0131, sa\u011fl\u0131k a\u00e7\u0131s\u0131ndan maksimum fayday\u0131 sa\u011flamak amac\u0131yla besin de\u011ferlerini koruma \u00f6zelli\u011fiyle bilinir. Bu y\u00f6ntem, ya\u011f\u0131n do\u011fal yap\u0131s\u0131n\u0131 bozmadan elde edilmesini sa\u011flar ve b\u00f6ylece antioksidanlar, esansiyel ya\u011f asitleri ve vitaminler gibi faydal\u0131 bile\u015fenler korunur.<\/p>\n<p>\u00c7\u00f6rek otu ya\u011f\u0131, so\u011fuk pres olarak da bilinen bir y\u00f6ntemle \u00fcretilir. Y\u00fcksek s\u0131cakl\u0131klara maruz kalmadan \u00fcretildi\u011fi i\u00e7in v\u00fccut \u00fczerinde daha etkili bir sonu\u00e7 verebilir.<\/p>\n<p>\u00c7\u00f6rek otu ya\u011f\u0131, sa\u011fl\u0131\u011f\u0131 destekleyen bir\u00e7ok bile\u015fen i\u00e7ermektedir. Bu ya\u011f, sindirim sistemi sorunlar\u0131n\u0131 hafifletmek, iltihaplar\u0131 azaltmak ve genel v\u00fccut sa\u011fl\u0131\u011f\u0131n\u0131 korumak gibi geni\u015f bir yelpazede fayda sa\u011flayabilir.<\/p>\n<p>&nbsp;<\/p>\n<p>\u00c7\u00f6rek otu ya\u011f\u0131n\u0131n sa\u00e7a faydalar\u0131 da olduk\u00e7a fazlad\u0131r. Bu ya\u011f sa\u00e7 k\u00f6klerini g\u00fc\u00e7lendirebilir. Ayn\u0131 zamanda sa\u00e7lar\u0131n daha parlak ve canl\u0131 g\u00f6r\u00fcnmesine katk\u0131 sa\u011flayabilir. Sa\u00e7 derisine masaj yaparak uyguland\u0131\u011f\u0131nda kepe\u011fi azaltabilir ve sa\u00e7 folik\u00fcllerinin beslenmesine yard\u0131mc\u0131 olabilir. Bu \u00f6zellikleri ile sa\u00e7lar\u0131n daha sa\u011fl\u0131kl\u0131 ve g\u00fc\u00e7l\u00fc bir \u015fekilde uzamas\u0131na katk\u0131 sa\u011flayabilir.<\/p>\n<p>\u00c7\u00f6rek otu ya\u011f\u0131 cilde faydalar\u0131 ile de dikkat \u00e7ekmektedir. Nemlendirici etkisi sayesinde cildin yumu\u015fak ve p\u00fcr\u00fczs\u00fcz kalmas\u0131na destek olabilir. Ayn\u0131 zamanda sivilce gibi cilt sorunlar\u0131n\u0131n giderilmesinde de etkili oldu\u011fu d\u00fc\u015f\u00fcn\u00fclmektedir. Ciltteki iltihaplanmay\u0131 azaltabilir, akne olu\u015fumunu engelleyebilir ve cilt tonunun dengelenmesine yard\u0131mc\u0131 olabilir. D\u00fczenli olarak kullan\u0131ld\u0131\u011f\u0131nda k\u0131r\u0131\u015f\u0131kl\u0131klar\u0131n ve ince \u00e7izgilerin g\u00f6r\u00fcn\u00fcm\u00fcn\u00fc azaltmaya yard\u0131mc\u0131 olabilir, daha gen\u00e7 bir cilt g\u00f6r\u00fcn\u00fcm\u00fcne katk\u0131 sa\u011flayabilir.<\/p>\n<p>\u00c7\u00f6rek Otu Ya\u011f\u0131 Nas\u0131l Kullan\u0131l\u0131r? \u00c7\u00f6rek otu ya\u011f\u0131, bir\u00e7ok farkl\u0131 alanda kullan\u0131labilen \u00e7ok y\u00f6nl\u00fc bir do\u011fal \u00fcr\u00fcnd\u00fcr. \u00c7\u00f6rek otunun faydalar\u0131 yaln\u0131zca i\u00e7ten t\u00fcketimle de\u011fil, ayn\u0131 zamanda cilt ve sa\u00e7 sa\u011fl\u0131\u011f\u0131 i\u00e7in de geni\u015f bir yelpazeye yay\u0131l\u0131r. G\u00fcnl\u00fck hayatta sa\u011fl\u0131\u011f\u0131 desteklemek i\u00e7in uygulanan bu ya\u011flar\u0131n farkl\u0131 kullan\u0131m y\u00f6ntemleri mevcuttur.<\/p>\n<p>Bu y\u00f6ntemler \u015funlard\u0131r:<\/p>\n<p>\u2022 \u0130\u00e7ten t\u00fcketim: G\u00fcnl\u00fck olarak bir \u00e7ay ka\u015f\u0131\u011f\u0131 t\u00fcketilen \u00e7\u00f6rek otu ya\u011f\u0131, sindirimi iyile\u015ftirebilir.<\/p>\n<p>\u2022 Cilt bak\u0131m\u0131: Cilde do\u011frudan uygulanarak nemlendirici etkisinden yararlan\u0131labilir.<\/p>\n<p>\u2022 Sa\u00e7 bak\u0131m\u0131: Sa\u00e7 k\u00f6klerine masaj yaparak uyguland\u0131\u011f\u0131nda sa\u00e7lar\u0131n g\u00fc\u00e7lenmesine ve parlakl\u0131k kazanmas\u0131na yard\u0131mc\u0131 olabilir.<\/p>\n<p>\u00c7\u00f6rek otu ya\u011f\u0131n\u0131n faydalar\u0131 d\u00fczenli kullan\u0131mla daha etkili bir \u015fekilde g\u00f6r\u00fclebilir. Bu do\u011fal ya\u011f\u0131n hem i\u00e7ten t\u00fcketimi hem de d\u0131\u015ftan uygulamalar\u0131 sayesinde sundu\u011fu geni\u015f sa\u011fl\u0131k avantajlar\u0131ndan yararlanmak m\u00fcmk\u00fcnd\u00fcr.<\/p>\n<p>Meldeva, do\u011fadan gelen en saf bile\u015fenleri \u00f6zenle i\u015fleyerek size ula\u015ft\u0131r\u0131r. Her bir \u00fcr\u00fcn\u00fcm\u00fcz, bitkilerin en y\u00fcksek kalitede yeti\u015ftirilip do\u011fal y\u00f6ntemlerle elde edilmesiyle \u00fcretilmi\u015ftir. Sa\u011fl\u0131\u011f\u0131n\u0131z\u0131 ve cildinizi desteklemek i\u00e7in tasarlanan bu \u00fcr\u00fcnler, do\u011fan\u0131n g\u00fcc\u00fcn\u00fc g\u00fcnl\u00fck ya\u015fam\u0131n\u0131za ta\u015f\u0131man\u0131za yard\u0131mc\u0131 olur. G\u00fcvenle kullanabilece\u011finiz Meldeva \u00fcr\u00fcnleri, do\u011fall\u0131\u011f\u0131n ve kalitenin bulu\u015fma noktas\u0131d\u0131r.<\/p>","protected":false},"excerpt":{"rendered":"<p>\u00c7\u00f6rek otu ya\u011f\u0131, uzun y\u0131llard\u0131r sa\u011fl\u0131k alan\u0131nda kullan\u0131lan do\u011fal bir \u00fcr\u00fcnd\u00fcr. Cilt sa\u011fl\u0131\u011f\u0131n\u0131 koruma konusunda da etkili oldu\u011fu bilinmektedir. Hem<\/p>","protected":false},"featured_media":27321,"comment_status":"open","ping_status":"closed","template":"","meta":[],"product_brand":[],"product_cat":[20],"product_tag":[],"class_list":{"0":"post-27311","1":"product","2":"type-product","3":"status-publish","4":"has-post-thumbnail","6":"product_cat-tum-urunler","8":"first","9":"instock","10":"shipping-taxable","11":"purchasable","12":"product-type-simple"},"_links":{"self":[{"href":"https:\/\/meldeva.com\/en\/wp-json\/wp\/v2\/product\/27311","targetHints":{"allow":["GET"]}}],"collection":[{"href":"https:\/\/meldeva.com\/en\/wp-json\/wp\/v2\/product"}],"about":[{"href":"https:\/\/meldeva.com\/en\/wp-json\/wp\/v2\/types\/product"}],"replies":[{"embeddable":true,"href":"https:\/\/meldeva.com\/en\/wp-json\/wp\/v2\/comments?post=27311"}],"version-history":[{"count":3,"href":"https:\/\/meldeva.com\/en\/wp-json\/wp\/v2\/product\/27311\/revisions"}],"predecessor-version":[{"id":27359,"href":"https:\/\/meldeva.com\/en\/wp-json\/wp\/v2\/product\/27311\/revisions\/27359"}],"wp:featuredmedia":[{"embeddable":true,"href":"https:\/\/meldeva.com\/en\/wp-json\/wp\/v2\/media\/27321"}],"wp:attachment":[{"href":"https:\/\/meldeva.com\/en\/wp-json\/wp\/v2\/media?parent=27311"}],"wp:term":[{"taxonomy":"product_brand","embeddable":true,"href":"https:\/\/meldeva.com\/en\/wp-json\/wp\/v2\/product_brand?post=27311"},{"taxonomy":"product_cat","embeddable":true,"href":"https:\/\/meldeva.com\/en\/wp-json\/wp\/v2\/product_cat?post=27311"},{"taxonomy":"product_tag","embeddable":true,"href":"https:\/\/meldeva.com\/en\/wp-json\/wp\/v2\/product_tag?post=27311"}],"curies":[{"name":"wp","href":"https:\/\/api.w.org\/{rel}","templated":true}]}}