{"id":27263,"date":"2026-04-16T12:03:25","date_gmt":"2026-04-16T12:03:25","guid":{"rendered":"https:\/\/meldeva.com\/?post_type=product&#038;p=27263"},"modified":"2026-04-23T08:56:58","modified_gmt":"2026-04-23T08:56:58","slug":"sidr-kati-sampuan-vanilya-ve-portakal","status":"publish","type":"product","link":"https:\/\/meldeva.com\/en\/product\/sidr-kati-sampuan-vanilya-ve-portakal\/","title":{"rendered":"Sidr Kat\u0131 \u015eampuan (Vanilya ve Portakal)"},"content":{"rendered":"","protected":false},"excerpt":{"rendered":"<p><em>%100 Organik, El yap\u0131m\u0131 Konsantre Sidr Kat\u0131 \u015eampuan<br \/>\n90 gr<\/em><\/p>\n<p>Tamamen organik icerikli saf ve kat\u0131ks\u0131z sidr ya\u011fl\u0131,\u00a0 vanilya ve lavanta ucucu ya\u011f, e vitamini i\u00e7eren el yap\u0131m\u0131 konsantre kat\u0131 \u015fampuand\u0131r.<\/p>\n<p><strong>Faydalar\u0131;<\/strong><br \/>\n\u25cf Sa\u00e7\u0131\u00a0besleyici ve yumu\u015fat\u0131c\u0131<br \/>\n\u25cf Sa\u00e7 d\u00f6k\u00fclmesini \u00f6nleyici<br \/>\n\u25cf Sa\u00e7lar\u0131 g\u00fcrlestirici,<br \/>\n\u25cf Sa\u00e7 uzamas\u0131n\u0131 destekleyici,<br \/>\n\u25cf Sa\u00e7\u0131 y\u0131pratmadan temizleyici,<br \/>\n\u25cf Sa\u00e7 k\u00f6klerini g\u00fc\u00e7lendirici etkisi vard\u0131r.<br \/>\n<strong>Kullan\u0131m \u015eekli<\/strong><br \/>\nIslak sa\u00e7lar\u0131n\u0131z\u0131n \u00fczerine uygulay\u0131n, iki kez sa\u00e7lar\u0131n\u0131z uzerinde daire \u00e7izdikten sonra sampuan\u0131 kuru yere koyun ve parmak u\u00e7lar\u0131n\u0131zla sa\u00e7 diplerinize masaj yaparak k\u00f6p\u00fcrt\u00fcn. 1-2 dakika sa\u00e7lar\u0131n\u0131zda bekletebilirsiniz durulamadan \u00f6nce. \u00dcr\u00fcn pH de\u011feri 5,5&#8217;tir ve cilt ile uyumludur. G\u00fcnl\u00fck kullan\u0131ma uygundur, genellikle tek uygulama sa\u00e7lar\u0131n\u0131z\u0131 temizlemek i\u00e7in yeterlidir. \u00dcr\u00fcn 90\u00a0gramd\u0131r ve konsantre olarak form\u00fcle edilmi\u015ftir. Bir \u00fcr\u00fcn yakla\u015f\u0131k 4 kat\u0131\u00a0s\u0131v\u0131 \u015fampuana e\u015fde\u011fer\u00a0ve ortalama 70\u00a0kullan\u0131m sa\u011flar. Kullan\u0131m s\u00fcresi, kullan\u0131m ve muhafaza \u015fekline ba\u011fl\u0131 olarak de\u011fi\u015febilir.<\/p>\n<p><em><strong>Kat\u0131 \u015fampuan\u0131nz\u0131 kuru yerde, nemden ve sudan uzak duracak \u015fekilde muhafaza edin.<\/strong><\/em><\/p>","protected":false},"featured_media":27229,"comment_status":"open","ping_status":"closed","template":"","meta":[],"product_brand":[],"product_cat":[20],"product_tag":[],"class_list":{"0":"post-27263","1":"product","2":"type-product","3":"status-publish","4":"has-post-thumbnail","6":"product_cat-tum-urunler","8":"first","9":"instock","10":"shipping-taxable","11":"purchasable","12":"product-type-simple"},"_links":{"self":[{"href":"https:\/\/meldeva.com\/en\/wp-json\/wp\/v2\/product\/27263","targetHints":{"allow":["GET"]}}],"collection":[{"href":"https:\/\/meldeva.com\/en\/wp-json\/wp\/v2\/product"}],"about":[{"href":"https:\/\/meldeva.com\/en\/wp-json\/wp\/v2\/types\/product"}],"replies":[{"embeddable":true,"href":"https:\/\/meldeva.com\/en\/wp-json\/wp\/v2\/comments?post=27263"}],"version-history":[{"count":1,"href":"https:\/\/meldeva.com\/en\/wp-json\/wp\/v2\/product\/27263\/revisions"}],"predecessor-version":[{"id":27272,"href":"https:\/\/meldeva.com\/en\/wp-json\/wp\/v2\/product\/27263\/revisions\/27272"}],"wp:featuredmedia":[{"embeddable":true,"href":"https:\/\/meldeva.com\/en\/wp-json\/wp\/v2\/media\/27229"}],"wp:attachment":[{"href":"https:\/\/meldeva.com\/en\/wp-json\/wp\/v2\/media?parent=27263"}],"wp:term":[{"taxonomy":"product_brand","embeddable":true,"href":"https:\/\/meldeva.com\/en\/wp-json\/wp\/v2\/product_brand?post=27263"},{"taxonomy":"product_cat","embeddable":true,"href":"https:\/\/meldeva.com\/en\/wp-json\/wp\/v2\/product_cat?post=27263"},{"taxonomy":"product_tag","embeddable":true,"href":"https:\/\/meldeva.com\/en\/wp-json\/wp\/v2\/product_tag?post=27263"}],"curies":[{"name":"wp","href":"https:\/\/api.w.org\/{rel}","templated":true}]}}