{"id":27257,"date":"2026-04-16T12:00:17","date_gmt":"2026-04-16T12:00:17","guid":{"rendered":"https:\/\/meldeva.com\/?post_type=product&#038;p=27257"},"modified":"2026-04-23T08:53:01","modified_gmt":"2026-04-23T08:53:01","slug":"prebiyotik-cilt-tonigi","status":"publish","type":"product","link":"https:\/\/meldeva.com\/en\/product\/prebiyotik-cilt-tonigi\/","title":{"rendered":"Prebiyotik Cilt Toni\u011fi"},"content":{"rendered":"","protected":false},"excerpt":{"rendered":"<p><em><strong>PREBIYOTIK CILT TON\u0130\u011e\u0130 (100 ml)<\/strong><\/em><\/p>\n<p>\u200bPrebiyotik Cilt Yenileme Toni\u011fi;<\/p>\n<p>\u25cf \u0130\u00e7eri\u011findeki prebiyotik sayesinde cilt floras\u0131n\u0131 korur ve g\u00fc\u00e7lendirir.<br \/>\n\u25cf Hyaluronik asit ve kolajen ile zenginle\u015ftirilmi\u015f form\u00fcl, makyaj kal\u0131nt\u0131lar\u0131n\u0131 ve ciltteki kiri temizler.<br \/>\n\u25cf Cildi besler ve nemlendirir. Cilt temizleme a\u015famas\u0131n\u0131n ard\u0131ndan tam bir ar\u0131nma saglamak i\u00e7in kullanabilirsiniz.<br \/>\n\u25cf Cildin sebum dengesini koruyan ve g\u00f6zenek temizli\u011fi sa\u011flayan prebiyotik tonik g\u00fcn boyu kirlenen cildi ya\u011fdan ar\u0131nd\u0131r\u0131r.<br \/>\n\u25cf G\u00f6zenekleri s\u0131k\u0131la\u015ft\u0131r\u0131r.<br \/>\n\u25cf Cildi aknelerden temizler ve d\u00fczenli kullan\u0131mda akne olu\u015fumunu engeller.<\/p>\n<p>KULLANIMI<br \/>\nKullanmadan \u00f6nce iyice \u00e7alkalay\u0131n\u0131z.<br \/>\nCildi y\u0131kad\u0131ktan sonra y\u00fcz ve boyun \u00e7evresine pamuk yard\u0131m\u0131 ile toni\u011fi uygulayabilirsiniz. Bir makyaj pamu\u011funa bir miktar \u00fcr\u00fcn\u00fc s\u0131kt\u0131ktan sonra t\u00fcm cildi silerek kullanmal\u0131s\u0131n\u0131z.<br \/>\nD\u00fczenli kullan\u0131m ile akne olu\u015fumunun azald\u0131\u011f\u0131n\u0131 ve g\u00f6zeneklerin kirden ar\u0131n\u0131p s\u0131k\u0131la\u015ft\u0131\u011f\u0131n\u0131 g\u00f6receksiniz.\u200b\u200b\u200b\u200b\u200b\u200b<\/p>\n<p>Serin ve kuru yerde muhafaza ediniz.<\/p>","protected":false},"featured_media":27225,"comment_status":"open","ping_status":"closed","template":"","meta":[],"product_brand":[],"product_cat":[20],"product_tag":[],"class_list":{"0":"post-27257","1":"product","2":"type-product","3":"status-publish","4":"has-post-thumbnail","6":"product_cat-tum-urunler","8":"first","9":"instock","10":"shipping-taxable","11":"purchasable","12":"product-type-simple"},"_links":{"self":[{"href":"https:\/\/meldeva.com\/en\/wp-json\/wp\/v2\/product\/27257","targetHints":{"allow":["GET"]}}],"collection":[{"href":"https:\/\/meldeva.com\/en\/wp-json\/wp\/v2\/product"}],"about":[{"href":"https:\/\/meldeva.com\/en\/wp-json\/wp\/v2\/types\/product"}],"replies":[{"embeddable":true,"href":"https:\/\/meldeva.com\/en\/wp-json\/wp\/v2\/comments?post=27257"}],"version-history":[{"count":1,"href":"https:\/\/meldeva.com\/en\/wp-json\/wp\/v2\/product\/27257\/revisions"}],"predecessor-version":[{"id":27264,"href":"https:\/\/meldeva.com\/en\/wp-json\/wp\/v2\/product\/27257\/revisions\/27264"}],"wp:featuredmedia":[{"embeddable":true,"href":"https:\/\/meldeva.com\/en\/wp-json\/wp\/v2\/media\/27225"}],"wp:attachment":[{"href":"https:\/\/meldeva.com\/en\/wp-json\/wp\/v2\/media?parent=27257"}],"wp:term":[{"taxonomy":"product_brand","embeddable":true,"href":"https:\/\/meldeva.com\/en\/wp-json\/wp\/v2\/product_brand?post=27257"},{"taxonomy":"product_cat","embeddable":true,"href":"https:\/\/meldeva.com\/en\/wp-json\/wp\/v2\/product_cat?post=27257"},{"taxonomy":"product_tag","embeddable":true,"href":"https:\/\/meldeva.com\/en\/wp-json\/wp\/v2\/product_tag?post=27257"}],"curies":[{"name":"wp","href":"https:\/\/api.w.org\/{rel}","templated":true}]}}