{"id":27250,"date":"2026-04-16T11:58:10","date_gmt":"2026-04-16T11:58:10","guid":{"rendered":"https:\/\/meldeva.com\/?post_type=product&#038;p=27250"},"modified":"2026-04-23T08:52:58","modified_gmt":"2026-04-23T08:52:58","slug":"organik-dudak-balmi","status":"publish","type":"product","link":"https:\/\/meldeva.com\/en\/product\/organik-dudak-balmi\/","title":{"rendered":"Organik Dudak Balm\u0131"},"content":{"rendered":"","protected":false},"excerpt":{"rendered":"<p><em><strong>Do\u011fal Dudak Balm\u0131 10 cc<\/strong><\/em><\/p>\n<p>Renk Se\u00e7enekleri;<br \/>\n1- K\u0131rm\u0131z\u0131 (Tar\u00e7\u0131n&amp;Vanilya)<br \/>\n2- \u015eeftali (Portakal&amp;Vanilya)<\/p>\n<p><strong>Sat\u0131c\u0131ya Notunuz k\u0131sm\u0131na sat\u0131n almak istedi\u011finiz rengi yazabilirsiniz.<\/strong><\/p>\n<p>Saf bitki ya\u011flar\u0131 ile haz\u0131rlanm\u0131\u015f organik ve do\u011fal i\u00e7erikli Dudak Balm\u0131 kuruyan dudaklar\u0131 nemlendirip, onar\u0131rken; dudaklar\u0131n\u0131z\u0131 kendi rengine yak\u0131n bir tonlama ile renklendirir.<br \/>\n\u0130\u00e7eri\u011finde hi\u00e7bir kimyasal ve katk\u0131 maddesi bulunmamaktad\u0131r.<br \/>\nRenklendirici \u00f6zelli\u011fini saf do\u011fal \u00f6zlerden alm\u0131\u015ft\u0131r.<br \/>\nSaf u\u00e7ucu ya\u011flar ve E vitamini zenginle\u015ftirilmi\u015ftir.<\/p>\n<p><strong>\u00dcr\u00fcnlerimizde kulland\u0131\u011f\u0131m\u0131z;\u00a0<\/strong>Sabit (Ta\u015f\u0131y\u0131c\u0131) ya\u011flar\u0131n tamam\u0131 saf, do\u011fal ve so\u011fuk s\u0131k\u0131m ya\u011flard\u0131r. U\u00e7ucu (esansiyel) ya\u011flar\u0131n tamam\u0131 saf, do\u011fal olup, \u00e7e\u015fidine g\u00f6re buhar distilasyonu, absol\u00fc veya so\u011fuk s\u0131k\u0131m (narenciyeler) ya\u011flard\u0131r. \u00dcr\u00fcn i\u00e7eriklerimizde Paraben, Silikon, SLS, SLES, ALS (S\u00dcLFAT), Petrol T\u00fcrevleri, \u00a0Mineral Ya\u011flar, Parafin, Vazelin, Etil Alkol, EDTA, Parf\u00fcm, Renklendirici, Yapay Koruyucu ve Zararl\u0131 Kimyasallar kullan\u0131lmamaktad\u0131r.<\/p>\n<p><em>Serin ve kuru yerde muhafaza ediniz.<\/em><\/p>","protected":false},"featured_media":27224,"comment_status":"open","ping_status":"closed","template":"","meta":[],"product_brand":[],"product_cat":[20],"product_tag":[],"class_list":{"0":"post-27250","1":"product","2":"type-product","3":"status-publish","4":"has-post-thumbnail","6":"product_cat-tum-urunler","8":"first","9":"instock","10":"shipping-taxable","11":"purchasable","12":"product-type-simple"},"_links":{"self":[{"href":"https:\/\/meldeva.com\/en\/wp-json\/wp\/v2\/product\/27250","targetHints":{"allow":["GET"]}}],"collection":[{"href":"https:\/\/meldeva.com\/en\/wp-json\/wp\/v2\/product"}],"about":[{"href":"https:\/\/meldeva.com\/en\/wp-json\/wp\/v2\/types\/product"}],"replies":[{"embeddable":true,"href":"https:\/\/meldeva.com\/en\/wp-json\/wp\/v2\/comments?post=27250"}],"version-history":[{"count":3,"href":"https:\/\/meldeva.com\/en\/wp-json\/wp\/v2\/product\/27250\/revisions"}],"predecessor-version":[{"id":27367,"href":"https:\/\/meldeva.com\/en\/wp-json\/wp\/v2\/product\/27250\/revisions\/27367"}],"wp:featuredmedia":[{"embeddable":true,"href":"https:\/\/meldeva.com\/en\/wp-json\/wp\/v2\/media\/27224"}],"wp:attachment":[{"href":"https:\/\/meldeva.com\/en\/wp-json\/wp\/v2\/media?parent=27250"}],"wp:term":[{"taxonomy":"product_brand","embeddable":true,"href":"https:\/\/meldeva.com\/en\/wp-json\/wp\/v2\/product_brand?post=27250"},{"taxonomy":"product_cat","embeddable":true,"href":"https:\/\/meldeva.com\/en\/wp-json\/wp\/v2\/product_cat?post=27250"},{"taxonomy":"product_tag","embeddable":true,"href":"https:\/\/meldeva.com\/en\/wp-json\/wp\/v2\/product_tag?post=27250"}],"curies":[{"name":"wp","href":"https:\/\/api.w.org\/{rel}","templated":true}]}}