{"id":27207,"date":"2026-04-16T11:38:33","date_gmt":"2026-04-16T11:38:33","guid":{"rendered":"https:\/\/meldeva.com\/?post_type=product&#038;p=27207"},"modified":"2026-04-23T08:52:57","modified_gmt":"2026-04-23T08:52:57","slug":"cicek-kokulu-sac-tonigi","status":"publish","type":"product","link":"https:\/\/meldeva.com\/en\/product\/cicek-kokulu-sac-tonigi\/","title":{"rendered":"\u00c7i\u00e7ek Kokulu Sa\u00e7 Toni\u011fi"},"content":{"rendered":"","protected":false},"excerpt":{"rendered":"<div><em>G\u00fcn boyu sa\u00e7lar\u0131n\u0131zda hissedece\u011finiz \u00e7i\u00e7ek kokusu ve ferahl\u0131k&#8230;<\/em><\/div>\n<div><\/div>\n<div>\u0130ceri\u011findeki saf bitki sular\u0131, keratin, ya\u011flar ve vitaminler ile;<\/div>\n<div><\/div>\n<div>\u25cf Sa\u00e7 derisini ve k\u00f6klerini besler,<\/div>\n<div>\u25cf Sa\u00e7lar\u0131 k\u00f6klerden u\u00e7lara kadar onar\u0131r,<\/div>\n<div>\u25cf Sa\u00e7 derisindeki kepeklenmeyi giderir,<\/div>\n<div>\u25cf Sa\u00e7 derinsindeki ka\u015f\u0131nt\u0131y\u0131 \u00f6nler,<\/div>\n<div>\u25cf Sa\u00e7lar\u0131 yumu\u015fat\u0131r,<\/div>\n<div>\u25cf Sa\u00e7 d\u00f6k\u00fclmesini \u00f6nler ve d\u00f6k\u00fclen Sa\u00e7lar\u0131n yerine yenisinin \u00e7\u0131kmas\u0131n\u0131 destekler,<\/div>\n<div>\u25cf Icerigindeki Do\u011fal keratin ile Sa\u00e7lar\u0131n daha bak\u0131ml\u0131 ve canl\u0131 olmas\u0131n\u0131 sa\u011flar.<\/div>\n<div><\/div>\n<div><strong>Kullan\u0131m\u0131;<\/strong><\/div>\n<div>Sabah ve ak\u015fam temiz\u00a0sa\u00e7a\u00a0p\u00fcsk\u00fcrt\u00fclerek, ard\u0131ndan Sa\u00e7 diplerine masajla t\u00fcm sa\u00e7a uygulama yapabilirsiniz.<\/div>\n<div><\/div>\n<div>Banyo sonras\u0131 \u0131slak sa\u00e7a p\u00fcsk\u00fcrt\u00fcp masajla uygulama yapt\u0131ktan sonra 15 dk. havluyla sar\u0131p ard\u0131ndan sa\u00e7 kurutma makinesiyle kurutabilirsiniz.<\/div>\n<div><\/div>\n<div>Islak ve kuru sa\u00e7a uygulama yap\u0131labilir. Durulama gerektirmez.<\/div>\n<div><\/div>\n<div><strong><em>Kullanmadan \u00f6nce \u00e7alkalay\u0131n\u0131z.<\/em><\/strong><\/div>\n<div><\/div>\n<div>\n<p><em><strong>Serin ve kuru yerde, direkt g\u00fcne\u015f \u0131\u015f\u0131\u011f\u0131ndan koruyarak muhafaza edebilirsiniz.\u00a0<\/strong><\/em><\/p>\n<p>SADECE DO\u011eAL YA\u011eLAR VE V\u0130TAM\u0130NLER \u0130LE FORM\u00dcLE ED\u0130LM\u0130\u015eT\u0130R.<\/p>\n<p>\u00dcr\u00fcnlerimizde kulland\u0131\u011f\u0131m\u0131z; Sabit (Ta\u015f\u0131y\u0131c\u0131) ya\u011flar\u0131n tamam\u0131 saf, do\u011fal ve so\u011fuk s\u0131k\u0131m ya\u011flard\u0131r. U\u00e7ucu (esansiyel) ya\u011flar\u0131n tamam\u0131 saf, do\u011fal olup, \u00e7e\u015fidine g\u00f6re buhar distilasyonu, absol\u00fc veya so\u011fuk s\u0131k\u0131m (narenciyeler) ya\u011flard\u0131r. \u00dcr\u00fcn i\u00e7eriklerimizde Paraben, Silikon, SLS, SLES, ALS (S\u00dcLFAT), Petrol T\u00fcrevleri, \u00a0Mineral Ya\u011flar, Parafin, Vazelin, Etil Alkol, EDTA, Parf\u00fcm, Renklendirici, Yapay Koruyucu ve Zararl\u0131 Kimyasallar kullan\u0131lmamaktad\u0131r.<\/p>\n<\/div>","protected":false},"featured_media":27211,"comment_status":"open","ping_status":"closed","template":"","meta":[],"product_brand":[],"product_cat":[20],"product_tag":[],"class_list":{"0":"post-27207","1":"product","2":"type-product","3":"status-publish","4":"has-post-thumbnail","6":"product_cat-tum-urunler","8":"first","9":"instock","10":"shipping-taxable","11":"purchasable","12":"product-type-simple"},"_links":{"self":[{"href":"https:\/\/meldeva.com\/en\/wp-json\/wp\/v2\/product\/27207","targetHints":{"allow":["GET"]}}],"collection":[{"href":"https:\/\/meldeva.com\/en\/wp-json\/wp\/v2\/product"}],"about":[{"href":"https:\/\/meldeva.com\/en\/wp-json\/wp\/v2\/types\/product"}],"replies":[{"embeddable":true,"href":"https:\/\/meldeva.com\/en\/wp-json\/wp\/v2\/comments?post=27207"}],"version-history":[{"count":3,"href":"https:\/\/meldeva.com\/en\/wp-json\/wp\/v2\/product\/27207\/revisions"}],"predecessor-version":[{"id":27366,"href":"https:\/\/meldeva.com\/en\/wp-json\/wp\/v2\/product\/27207\/revisions\/27366"}],"wp:featuredmedia":[{"embeddable":true,"href":"https:\/\/meldeva.com\/en\/wp-json\/wp\/v2\/media\/27211"}],"wp:attachment":[{"href":"https:\/\/meldeva.com\/en\/wp-json\/wp\/v2\/media?parent=27207"}],"wp:term":[{"taxonomy":"product_brand","embeddable":true,"href":"https:\/\/meldeva.com\/en\/wp-json\/wp\/v2\/product_brand?post=27207"},{"taxonomy":"product_cat","embeddable":true,"href":"https:\/\/meldeva.com\/en\/wp-json\/wp\/v2\/product_cat?post=27207"},{"taxonomy":"product_tag","embeddable":true,"href":"https:\/\/meldeva.com\/en\/wp-json\/wp\/v2\/product_tag?post=27207"}],"curies":[{"name":"wp","href":"https:\/\/api.w.org\/{rel}","templated":true}]}}