{"id":27206,"date":"2026-04-16T11:37:45","date_gmt":"2026-04-16T11:37:45","guid":{"rendered":"https:\/\/meldeva.com\/?post_type=product&#038;p=27206"},"modified":"2026-04-23T08:52:51","modified_gmt":"2026-04-23T08:52:51","slug":"aktif-karbon-kati-sampuan-cay-agaci-ve-biberiye","status":"publish","type":"product","link":"https:\/\/meldeva.com\/en\/product\/aktif-karbon-kati-sampuan-cay-agaci-ve-biberiye\/","title":{"rendered":"Aktif Karbon Kat\u0131 \u015eampuan (\u00c7ay A\u011fac\u0131 ve Biberiye)"},"content":{"rendered":"","protected":false},"excerpt":{"rendered":"<div id=\"product-info-tabs-content\" class=\"tab-content product-info-tabs-content\">\n<div id=\"product-info-pane\" class=\"tab-pane fade show active\" tabindex=\"0\" role=\"tabpanel\" aria-labelledby=\"product-info\">\n<div class=\"product-info-desc js-add-show-more product-description shopier-store--product-detail-description\" data-content=\"Daha fazla\"><em>% 100 Organik Aktif Karbon Konsantre Kat\u0131 \u015eampuan<br \/>\n90 gr<\/em>Ya\u011fl\u0131, egzamal\u0131 ve kepekli sa\u00e7lar i\u00e7in kullan\u0131ma uygundur.<\/p>\n<p>Tamamen organik ve el yap\u0131m\u0131 olup defne tohumu ya\u011f\u0131, kakao ya\u011fi, \u00e7ay a\u011fac\u0131 u\u00e7ucu ya\u011f,\u00a0 biberiye u\u00e7ucu ya\u011f ve e vitamini i\u00e7erir.<\/p>\n<p><strong>Kullan\u0131m \u015eekli<\/strong><\/p>\n<div>Islak sa\u00e7lar\u0131n\u0131z\u0131n \u00fczerine uygulay\u0131n, iki kez sa\u00e7lar\u0131n\u0131z uzerinde daire \u00e7izdikten sonra sampuan\u0131 kuru yere koyun ve parmak u\u00e7lar\u0131n\u0131zla sa\u00e7 diplerinize masaj yaparak k\u00f6p\u00fcrt\u00fcn. 1-2 dakika sa\u00e7lar\u0131n\u0131zda bekletebilirsiniz durulamadan \u00f6nce. \u00dcr\u00fcn pH de\u011feri 5,5&#8217;tir ve cilt ile uyumludur. G\u00fcnl\u00fck kullan\u0131ma uygundur, genellikle tek uygulama sa\u00e7lar\u0131n\u0131z\u0131 temizlemek i\u00e7in yeterlidir. \u00dcr\u00fcn 90\u00a0gramd\u0131r ve konsantre olarak form\u00fcle edilmi\u015ftir. Bir \u00fcr\u00fcn yakla\u015f\u0131k\u00a0 4 kat\u0131 s\u0131v\u0131 \u015fampuana e\u015fde\u011fer\u00a0ve ortalama 70\u00a0kullan\u0131m sa\u011flar. Kullan\u0131m s\u00fcresi, kullan\u0131m ve muhafaza \u015fekline ba\u011fl\u0131 olarak de\u011fi\u015febilir.<\/div>\n<div><\/div>\n<div><\/div>\n<div><em><strong>Kat\u0131 \u015fampuan\u0131nz\u0131 kuru yerde, nemden ve sudan uzak duracak \u015fekilde muhafaza edin.<\/strong><\/em><\/div>\n<\/div>\n<\/div>\n<\/div>","protected":false},"featured_media":27210,"comment_status":"open","ping_status":"closed","template":"","meta":[],"product_brand":[],"product_cat":[20],"product_tag":[],"class_list":{"0":"post-27206","1":"product","2":"type-product","3":"status-publish","4":"has-post-thumbnail","6":"product_cat-tum-urunler","8":"first","9":"instock","10":"shipping-taxable","11":"purchasable","12":"product-type-simple"},"_links":{"self":[{"href":"https:\/\/meldeva.com\/en\/wp-json\/wp\/v2\/product\/27206","targetHints":{"allow":["GET"]}}],"collection":[{"href":"https:\/\/meldeva.com\/en\/wp-json\/wp\/v2\/product"}],"about":[{"href":"https:\/\/meldeva.com\/en\/wp-json\/wp\/v2\/types\/product"}],"replies":[{"embeddable":true,"href":"https:\/\/meldeva.com\/en\/wp-json\/wp\/v2\/comments?post=27206"}],"version-history":[{"count":3,"href":"https:\/\/meldeva.com\/en\/wp-json\/wp\/v2\/product\/27206\/revisions"}],"predecessor-version":[{"id":27365,"href":"https:\/\/meldeva.com\/en\/wp-json\/wp\/v2\/product\/27206\/revisions\/27365"}],"wp:featuredmedia":[{"embeddable":true,"href":"https:\/\/meldeva.com\/en\/wp-json\/wp\/v2\/media\/27210"}],"wp:attachment":[{"href":"https:\/\/meldeva.com\/en\/wp-json\/wp\/v2\/media?parent=27206"}],"wp:term":[{"taxonomy":"product_brand","embeddable":true,"href":"https:\/\/meldeva.com\/en\/wp-json\/wp\/v2\/product_brand?post=27206"},{"taxonomy":"product_cat","embeddable":true,"href":"https:\/\/meldeva.com\/en\/wp-json\/wp\/v2\/product_cat?post=27206"},{"taxonomy":"product_tag","embeddable":true,"href":"https:\/\/meldeva.com\/en\/wp-json\/wp\/v2\/product_tag?post=27206"}],"curies":[{"name":"wp","href":"https:\/\/api.w.org\/{rel}","templated":true}]}}