{"id":27177,"date":"2026-04-16T10:35:44","date_gmt":"2026-04-16T10:35:44","guid":{"rendered":"https:\/\/meldeva.com\/?post_type=product&#038;p=27177"},"modified":"2026-04-23T08:52:46","modified_gmt":"2026-04-23T08:52:46","slug":"gunes-kremi-spf-30","status":"publish","type":"product","link":"https:\/\/meldeva.com\/en\/product\/gunes-kremi-spf-30\/","title":{"rendered":"G\u00fcne\u015f Kremi (Spf 30)"},"content":{"rendered":"","protected":false},"excerpt":{"rendered":"<p style=\"text-align: left;\">G\u00fcne\u015fin neden oldu\u011fu yan\u0131klar, g\u00fcne\u015f lekesi ve g\u00fcne\u015fin neden oldu\u011fu problemlere kar\u015f\u0131 cildi korumaya yard\u0131mc\u0131 olur. \u0130ceri\u011findeki do\u011fal ya\u011flar ve vitaminler sayesinde g\u00fcne\u015fe hassasiyet g\u00f6steren cildin korunmas\u0131n\u0131 ve onar\u0131lmas\u0131n\u0131 sa\u011flar.<\/p>\n<div>Kimyasal filtreler ve Titanyum Dioksit i\u00e7ermez.<\/div>\n<div><\/div>\n<div>Form\u00fclasyonunda non-nano mineral \u00e7inko oksit bulunmaktad\u0131r. Cilt y\u00fczeyindeki \u00f6rt\u00fcc\u00fcl\u00fc\u011f\u00fc y\u00fcksek olan non-nano mineral \u00e7inko, y\u00fcksek transparanl\u0131k g\u00f6stererek beyazl\u0131k etkisi b\u0131rakmadan cildinizi g\u00fcne\u015fin zararl\u0131 \u0131\u015f\u0131nlar\u0131na kar\u015f\u0131 korur. P\u00fcr\u00fczs\u00fcz bir cildi destekleyen non-nano mineral \u00e7inko, kimyasal filtrelerin aksine geni\u015f spektrumlu UVA ve UVB korumas\u0131 sa\u011flar.<\/div>\n<div>Yat\u0131\u015ft\u0131r\u0131c\u0131 etkiye sahiptir ve cilt tahri\u015fleri i\u00e7in kullan\u0131labilir.<\/div>\n<div><\/div>\n<div>Taze \u00e7i\u00e7ek kokular\u0131n\u0131\u00a0uzun s\u00fcre teninizde hissedece\u011finiz g\u00fcne\u015f kremimizi yeti\u015fkinlerde, \u00e7ocuklarda ve bebeklerde g\u00fcvenle kullanabilirsiniz.<\/div>\n<div><\/div>\n<div>\u00dcr\u00fcnlerimizde kulland\u0131\u011f\u0131m\u0131z; Sabit (Ta\u015f\u0131y\u0131c\u0131) ya\u011flar\u0131n tamam\u0131 saf, do\u011fal ve so\u011fuk s\u0131k\u0131m ya\u011flard\u0131r. U\u00e7ucu (esansiyel) ya\u011flar\u0131n tamam\u0131 saf, do\u011fal olup, \u00e7e\u015fidine g\u00f6re buhar distilasyonu, absol\u00fc veya so\u011fuk s\u0131k\u0131m (narenciyeler) ya\u011flard\u0131r. \u00dcr\u00fcn i\u00e7eriklerimizde Paraben, Silikon, SLS, SLES, ALS (S\u00dcLFAT), Petrol T\u00fcrevleri, Mineral Ya\u011flar, Parafin, Vazelin, Etil Alkol, EDTA, Parf\u00fcm, Renklendirici, Yapay Koruyucu ve Zararl\u0131 Kimyasallar kullan\u0131lmamaktad\u0131r.<\/div>","protected":false},"featured_media":27184,"comment_status":"open","ping_status":"closed","template":"","meta":[],"product_brand":[],"product_cat":[20],"product_tag":[],"class_list":{"0":"post-27177","1":"product","2":"type-product","3":"status-publish","4":"has-post-thumbnail","6":"product_cat-tum-urunler","8":"first","9":"instock","10":"shipping-taxable","11":"purchasable","12":"product-type-simple"},"_links":{"self":[{"href":"https:\/\/meldeva.com\/en\/wp-json\/wp\/v2\/product\/27177","targetHints":{"allow":["GET"]}}],"collection":[{"href":"https:\/\/meldeva.com\/en\/wp-json\/wp\/v2\/product"}],"about":[{"href":"https:\/\/meldeva.com\/en\/wp-json\/wp\/v2\/types\/product"}],"replies":[{"embeddable":true,"href":"https:\/\/meldeva.com\/en\/wp-json\/wp\/v2\/comments?post=27177"}],"version-history":[{"count":2,"href":"https:\/\/meldeva.com\/en\/wp-json\/wp\/v2\/product\/27177\/revisions"}],"predecessor-version":[{"id":27193,"href":"https:\/\/meldeva.com\/en\/wp-json\/wp\/v2\/product\/27177\/revisions\/27193"}],"wp:featuredmedia":[{"embeddable":true,"href":"https:\/\/meldeva.com\/en\/wp-json\/wp\/v2\/media\/27184"}],"wp:attachment":[{"href":"https:\/\/meldeva.com\/en\/wp-json\/wp\/v2\/media?parent=27177"}],"wp:term":[{"taxonomy":"product_brand","embeddable":true,"href":"https:\/\/meldeva.com\/en\/wp-json\/wp\/v2\/product_brand?post=27177"},{"taxonomy":"product_cat","embeddable":true,"href":"https:\/\/meldeva.com\/en\/wp-json\/wp\/v2\/product_cat?post=27177"},{"taxonomy":"product_tag","embeddable":true,"href":"https:\/\/meldeva.com\/en\/wp-json\/wp\/v2\/product_tag?post=27177"}],"curies":[{"name":"wp","href":"https:\/\/api.w.org\/{rel}","templated":true}]}}