{"id":27173,"date":"2026-04-16T10:34:59","date_gmt":"2026-04-16T10:34:59","guid":{"rendered":"https:\/\/meldeva.com\/?post_type=product&#038;p=27173"},"modified":"2026-04-16T11:15:17","modified_gmt":"2026-04-16T11:15:17","slug":"ardic-katranli-krem","status":"publish","type":"product","link":"https:\/\/meldeva.com\/en\/product\/ardic-katranli-krem\/","title":{"rendered":"Ard\u0131\u00e7 Katranl\u0131 Krem"},"content":{"rendered":"","protected":false},"excerpt":{"rendered":"<p style=\"text-align: left;\"><strong>Ard\u0131\u00e7 Katran\u0131 Nedir?<\/strong><br \/>\n5000 y\u0131ld\u0131r insano\u011flunun kulland\u0131\u011f\u0131 fayda sa\u011flad\u0131\u011f\u0131 kadim bir \u00fcr\u00fcnd\u00fcr. Ham halde bulunan ve hi\u00e7 kimsenin \u00fczerinde \u00e7al\u0131\u015fma yapmad\u0131\u011f\u0131 bakir bir maddedir.<\/p>\n<p>Katran T\u00fcrkiye\u2019nin bir\u00e7ok b\u00f6lgesinde yeti\u015fir. Dahili ve harici kullan\u0131m ile bir\u00e7ok faydas\u0131n\u0131n g\u00f6r\u00fcld\u00fc\u011f\u00fc katran ya\u011f\u0131 son derece etkili bir y\u00f6ntemdir. En \u00f6nemli \u00f6zelli\u011fi antiseptik, antiparaziter, antibakteriyel olmas\u0131d\u0131r.<\/p>\n<p>Ard\u0131\u00e7 katran\u0131, Pinaceae familyas\u0131ndan ard\u0131\u00e7 (Juniperus oxycedrus) a\u011fac\u0131n\u0131n odunun kuru distilasyonundan elde edilir. \u015eurup k\u0131vam\u0131nda, koyu kahverengi, tad\u0131 ac\u0131 ve keskin kokulu bir s\u0131v\u0131d\u0131r.<\/p>\n<p><strong>Ard\u0131\u00e7 Katranl\u0131 Krem Nedir?<\/strong><br \/>\n\u0130\u00e7erisinde<strong>;\u00a0<\/strong>Balmumu, ard\u0131\u00e7 katran\u0131, \u00e7\u00f6rek otu ya\u011f\u0131, sar\u0131 kantaron ya\u011f\u0131, Hindistan Cevizi ya\u011f\u0131, bitkisel gliserin, e vitamini bulunmaktad\u0131r.<br \/>\nYo\u011fun bir k\u0131vama ve kokuya sahiptir. S\u0131cakta daha ak\u0131\u015fkan olurken, so\u011fukta kat\u0131la\u015f\u0131r.<\/p>\n<p><em>%100 Do\u011fal ve El yap\u0131m\u0131d\u0131r.<\/em><\/p>\n<p><strong>Faydalar\u0131:<\/strong><br \/>\n\u25cf Ciltte olu\u015fan ergenlik sivilcesi,<br \/>\nAkne,<br \/>\nEgzama,<br \/>\nSedef,<br \/>\nUyuz,<br \/>\nKa\u015f\u0131nt\u0131,<br \/>\nPullanma,<br \/>\nMantar,<br \/>\nCilt Enfeksiyonlar\u0131nda,<br \/>\n\u25cf Sa\u00e7 derinsindeki Ka\u015f\u0131nt\u0131, kepeklenme, egzama, sedeflerde,<br \/>\n\u25cf Eklem a\u011fr\u0131lar\u0131, romatizmal a\u011fr\u0131lar ve kas a\u011fr\u0131lar\u0131n\u0131n giderilmesinde d\u00fczenli kullan\u0131mda fayda sa\u011flar.<\/p>\n<p><strong>Kullan\u0131m\u0131:<\/strong><br \/>\nHarici olarak sabah ve ak\u015fam, ayr\u0131ca g\u00fcn i\u00e7erisinde ihtiya\u00e7 duyuldu\u011funda yeteri miktarda problemli b\u00f6lgeye s\u00fcr\u00fclebilir.<\/p>\n<p><em><strong>Serin ve kuru yerde, direkt g\u00fcne\u015f \u0131\u015f\u0131\u011f\u0131ndan koruyarak muhafaza ediniz.<\/strong><\/em><\/p>\n<p>SADECE DO\u011eAL YA\u011eLAR VE V\u0130TAM\u0130NLER \u0130LE FORM\u00dcLE ED\u0130LM\u0130\u015eT\u0130R.<\/p>\n<p>\u00dcr\u00fcnlerimizde kulland\u0131\u011f\u0131m\u0131z; Sabit (Ta\u015f\u0131y\u0131c\u0131) ya\u011flar\u0131n tamam\u0131 saf, do\u011fal ve so\u011fuk s\u0131k\u0131m ya\u011flard\u0131r. U\u00e7ucu (esansiyel) ya\u011flar\u0131n tamam\u0131 saf, do\u011fal olup, \u00e7e\u015fidine g\u00f6re buhar distilasyonu, absol\u00fc veya so\u011fuk s\u0131k\u0131m (narenciyeler) ya\u011flard\u0131r. \u00dcr\u00fcn i\u00e7eriklerimizde Paraben, Silikon, SLS, SLES, ALS (S\u00dcLFAT), Petrol T\u00fcrevleri, \u00a0Mineral Ya\u011flar, Parafin, Vazelin, Etil Alkol, EDTA, Parf\u00fcm, Renklendirici, Yapay Koruyucu ve Zararl\u0131 Kimyasallar kullan\u0131lmamaktad\u0131r.<\/p>","protected":false},"featured_media":27181,"comment_status":"open","ping_status":"closed","template":"","meta":[],"product_brand":[],"product_cat":[20],"product_tag":[],"class_list":{"0":"post-27173","1":"product","2":"type-product","3":"status-publish","4":"has-post-thumbnail","6":"product_cat-tum-urunler","8":"first","9":"instock","10":"shipping-taxable","11":"purchasable","12":"product-type-simple"},"_links":{"self":[{"href":"https:\/\/meldeva.com\/en\/wp-json\/wp\/v2\/product\/27173","targetHints":{"allow":["GET"]}}],"collection":[{"href":"https:\/\/meldeva.com\/en\/wp-json\/wp\/v2\/product"}],"about":[{"href":"https:\/\/meldeva.com\/en\/wp-json\/wp\/v2\/types\/product"}],"replies":[{"embeddable":true,"href":"https:\/\/meldeva.com\/en\/wp-json\/wp\/v2\/comments?post=27173"}],"version-history":[{"count":2,"href":"https:\/\/meldeva.com\/en\/wp-json\/wp\/v2\/product\/27173\/revisions"}],"predecessor-version":[{"id":27196,"href":"https:\/\/meldeva.com\/en\/wp-json\/wp\/v2\/product\/27173\/revisions\/27196"}],"wp:featuredmedia":[{"embeddable":true,"href":"https:\/\/meldeva.com\/en\/wp-json\/wp\/v2\/media\/27181"}],"wp:attachment":[{"href":"https:\/\/meldeva.com\/en\/wp-json\/wp\/v2\/media?parent=27173"}],"wp:term":[{"taxonomy":"product_brand","embeddable":true,"href":"https:\/\/meldeva.com\/en\/wp-json\/wp\/v2\/product_brand?post=27173"},{"taxonomy":"product_cat","embeddable":true,"href":"https:\/\/meldeva.com\/en\/wp-json\/wp\/v2\/product_cat?post=27173"},{"taxonomy":"product_tag","embeddable":true,"href":"https:\/\/meldeva.com\/en\/wp-json\/wp\/v2\/product_tag?post=27173"}],"curies":[{"name":"wp","href":"https:\/\/api.w.org\/{rel}","templated":true}]}}