{"id":27160,"date":"2026-04-16T09:07:53","date_gmt":"2026-04-16T09:07:53","guid":{"rendered":"https:\/\/meldeva.com\/?post_type=product&#038;p=27160"},"modified":"2026-04-16T09:09:24","modified_gmt":"2026-04-16T09:09:24","slug":"zerdecalli-kati-sampuan-90gr","status":"publish","type":"product","link":"https:\/\/meldeva.com\/en\/product\/zerdecalli-kati-sampuan-90gr\/","title":{"rendered":"Zerde\u00e7all\u0131 Kat\u0131 \u015eampuan &#8211; 90gr"},"content":{"rendered":"","protected":false},"excerpt":{"rendered":"<p style=\"text-align: left;\">Boyal\u0131, y\u0131pranm\u0131\u015f, kuru sa\u00e7lar i\u00e7in form\u00fcle edilmi\u015ftir.<\/p>\n<p>\u25cf % 100 do\u011fal i\u00e7eriklidir. Temizleyici ve k\u00f6p\u00fcrt\u00fcc\u00fc etkisini Hindistan cevizinden elde edilen bitkisel hammaddelerden sa\u011flamaktad\u0131r.<br \/>\n\u25cf Do\u011fal ya\u011flar, provitamin b5, bitkisel ekstratlar, keratin, do\u011fal killer ve do\u011fal yumu\u015fat\u0131c\u0131lar i\u00e7ermektedir.<br \/>\n\u25cf Sa\u00e7 k\u00f6klerini derinlemesine temizleyip g\u00f6zenekleri a\u00e7arak sa\u00e7 d\u00f6k\u00fclmesini durdurup sa\u011fl\u0131kl\u0131 sa\u00e7lar\u0131n \u00e7\u0131kmas\u0131n\u0131 sa\u011flar.<br \/>\n\u25cf D\u00fczenli kullan\u0131mda sa\u00e7lar daha parlak ve g\u00fcr olur.<br \/>\n\u25cf Yakla\u015f\u0131k 4 kat\u0131 s\u0131v\u0131 \u015fampuana e\u015fde\u011ferdir.<br \/>\n\u25cf G\u00f6z yakmayan form\u00fcl\u00fc ile hassas ciltler ve Bebeklerin kullan\u0131m\u0131na uygundur.<br \/>\n\u25cf At\u0131ks\u0131z, plastiksiz do\u011fa dostu ambalaj\u0131 ile seyahatler i\u00e7in en ideal tercihtir.<\/p>\n<p>Nas\u0131l kullan\u0131l\u0131r;<br \/>\nSa\u00e7lar\u0131n\u0131z\u0131 iyice \u0131slat\u0131n. Bitkisel Kat\u0131 \u015eampuan\u0131n\u0131z\u0131 bir miktar suyla iyice \u0131slatt\u0131ktan sonra sa\u00e7lar\u0131n\u0131za dairesel<br \/>\nhareketlerle s\u00fcrmeye ba\u015flay\u0131n. \u015eampuan\u0131n\u0131z neme doyduktan sonra h\u0131zla k\u00f6p\u00fcrmeye ba\u015flayacakt\u0131r. Tamamen k\u00f6p\u00fcrd\u00fckten sonra t\u00fcm k\u00f6p\u00fc\u011f\u00fc sa\u00e7 ve sa\u00e7 diplerine yedirip ard\u0131ndan iyice durulay\u0131n.<br \/>\nHer du\u015fta yaln\u0131zca bir defa kullan\u0131lmas\u0131 yeterlidir.<\/p>\n<p>\u25cf Kat\u0131 \u015fampuanlar\u0131n kullan\u0131m \u00f6mr\u00fc a\u00e7\u0131s\u0131ndan \u00fcr\u00fcn\u00fc kullanmad\u0131\u011f\u0131n\u0131z zamanlarda olabildi\u011fince nemden uzak ve kuruyabilmesi i\u00e7in \u0131zgaral\u0131 bir sabunluk \u00fczerinde tutman\u0131z\u0131 \u00f6neriyoruz.<\/p>","protected":false},"featured_media":27141,"comment_status":"open","ping_status":"closed","template":"","meta":[],"product_brand":[],"product_cat":[20],"product_tag":[],"class_list":{"0":"post-27160","1":"product","2":"type-product","3":"status-publish","4":"has-post-thumbnail","6":"product_cat-tum-urunler","8":"first","9":"instock","10":"shipping-taxable","11":"purchasable","12":"product-type-simple"},"_links":{"self":[{"href":"https:\/\/meldeva.com\/en\/wp-json\/wp\/v2\/product\/27160","targetHints":{"allow":["GET"]}}],"collection":[{"href":"https:\/\/meldeva.com\/en\/wp-json\/wp\/v2\/product"}],"about":[{"href":"https:\/\/meldeva.com\/en\/wp-json\/wp\/v2\/types\/product"}],"replies":[{"embeddable":true,"href":"https:\/\/meldeva.com\/en\/wp-json\/wp\/v2\/comments?post=27160"}],"version-history":[{"count":1,"href":"https:\/\/meldeva.com\/en\/wp-json\/wp\/v2\/product\/27160\/revisions"}],"predecessor-version":[{"id":27161,"href":"https:\/\/meldeva.com\/en\/wp-json\/wp\/v2\/product\/27160\/revisions\/27161"}],"wp:featuredmedia":[{"embeddable":true,"href":"https:\/\/meldeva.com\/en\/wp-json\/wp\/v2\/media\/27141"}],"wp:attachment":[{"href":"https:\/\/meldeva.com\/en\/wp-json\/wp\/v2\/media?parent=27160"}],"wp:term":[{"taxonomy":"product_brand","embeddable":true,"href":"https:\/\/meldeva.com\/en\/wp-json\/wp\/v2\/product_brand?post=27160"},{"taxonomy":"product_cat","embeddable":true,"href":"https:\/\/meldeva.com\/en\/wp-json\/wp\/v2\/product_cat?post=27160"},{"taxonomy":"product_tag","embeddable":true,"href":"https:\/\/meldeva.com\/en\/wp-json\/wp\/v2\/product_tag?post=27160"}],"curies":[{"name":"wp","href":"https:\/\/api.w.org\/{rel}","templated":true}]}}