{"id":27144,"date":"2026-04-16T09:02:13","date_gmt":"2026-04-16T09:02:13","guid":{"rendered":"https:\/\/meldeva.com\/?post_type=product&#038;p=27144"},"modified":"2026-04-16T09:03:37","modified_gmt":"2026-04-16T09:03:37","slug":"aloavera-jelli-krem-50ml","status":"publish","type":"product","link":"https:\/\/meldeva.com\/en\/product\/aloavera-jelli-krem-50ml\/","title":{"rendered":"Aloavera Jelli Krem &#8211; 50ml"},"content":{"rendered":"","protected":false},"excerpt":{"rendered":"<p style=\"text-align: left;\">Alovera jel krem icerisinde;<br \/>\nTaze Aloevera jeli (ila\u00e7s\u0131z tar\u0131m)<br \/>\nShea butter<br \/>\nHindistan Cevizi ya\u011f\u0131<br \/>\nJojoba Ya\u011f\u0131<br \/>\nHint ya\u011f\u0131<br \/>\nBal<br \/>\nE vitamini<br \/>\nLotus \u00e7i\u00e7e\u011fi, limon, lavanta, \u00e7ay a\u011fac\u0131 u\u00e7ucu ya\u011flar\u0131 bulunuyor.<\/p>\n<p style=\"text-align: left;\">Faydas\u0131;<br \/>\nKuru ciltleri nemlendiririr.<br \/>\nAkne tedavisi,<br \/>\nLeke tedavisi,<br \/>\nK\u0131r\u0131\u015f\u0131kl\u0131k,<br \/>\nSivilce izleri gibi problemlerde,<br \/>\nCildi yat\u0131\u015ft\u0131rmak ve k\u0131zar\u0131kl\u0131\u011f\u0131 gidermekte fayda sa\u011flar.<\/p>\n<p style=\"text-align: left;\">Kullan\u0131m\u0131;<br \/>\nSabah ve ak\u015fam cildi temizledikten sonra yeterli miktarda cildinize, boyun bolgenize surebilirsiniz. Ya\u011f Bazl\u0131 kreminiz var ise aloevera jelli kremden sonra surmelisiniz<\/p>","protected":false},"featured_media":27139,"comment_status":"open","ping_status":"closed","template":"","meta":[],"product_brand":[],"product_cat":[20],"product_tag":[],"class_list":{"0":"post-27144","1":"product","2":"type-product","3":"status-publish","4":"has-post-thumbnail","6":"product_cat-tum-urunler","8":"first","9":"instock","10":"shipping-taxable","11":"purchasable","12":"product-type-simple"},"_links":{"self":[{"href":"https:\/\/meldeva.com\/en\/wp-json\/wp\/v2\/product\/27144","targetHints":{"allow":["GET"]}}],"collection":[{"href":"https:\/\/meldeva.com\/en\/wp-json\/wp\/v2\/product"}],"about":[{"href":"https:\/\/meldeva.com\/en\/wp-json\/wp\/v2\/types\/product"}],"replies":[{"embeddable":true,"href":"https:\/\/meldeva.com\/en\/wp-json\/wp\/v2\/comments?post=27144"}],"version-history":[{"count":2,"href":"https:\/\/meldeva.com\/en\/wp-json\/wp\/v2\/product\/27144\/revisions"}],"predecessor-version":[{"id":27146,"href":"https:\/\/meldeva.com\/en\/wp-json\/wp\/v2\/product\/27144\/revisions\/27146"}],"wp:featuredmedia":[{"embeddable":true,"href":"https:\/\/meldeva.com\/en\/wp-json\/wp\/v2\/media\/27139"}],"wp:attachment":[{"href":"https:\/\/meldeva.com\/en\/wp-json\/wp\/v2\/media?parent=27144"}],"wp:term":[{"taxonomy":"product_brand","embeddable":true,"href":"https:\/\/meldeva.com\/en\/wp-json\/wp\/v2\/product_brand?post=27144"},{"taxonomy":"product_cat","embeddable":true,"href":"https:\/\/meldeva.com\/en\/wp-json\/wp\/v2\/product_cat?post=27144"},{"taxonomy":"product_tag","embeddable":true,"href":"https:\/\/meldeva.com\/en\/wp-json\/wp\/v2\/product_tag?post=27144"}],"curies":[{"name":"wp","href":"https:\/\/api.w.org\/{rel}","templated":true}]}}